{"id":3,"date":"2025-12-23T20:53:40","date_gmt":"2025-12-23T20:53:40","guid":{"rendered":"http:\/\/gsk-web.es\/?page_id=3"},"modified":"2026-03-21T15:12:17","modified_gmt":"2026-03-21T15:12:17","slug":"privacy-policy-2","status":"publish","type":"page","link":"https:\/\/gsk-web.es\/en\/privacy-policy-2\/","title":{"rendered":"Privacy Policy"},"content":{"rendered":"<p><\/p>\n\n\n\n<pre class=\"wp-block-preformatted\">1. DATA CONTROLLER<\/pre>\n\n\n\n<p>Name: Global Soccer Kits <\/p>\n\n\n\n<p>Address: Ciudad Real, Spain <\/p>\n\n\n\n<p>Email: globalsoccerkits.sup@gmail.com <\/p>\n\n\n\n<p>Website: gsk-web.es<\/p>\n\n\n\n<pre class=\"wp-block-preformatted\">2. DATA WE COLLECT<\/pre>\n\n\n\n<p>We collect the following information when you place an order: <\/p>\n\n\n\n<p>\u2013 Name and surname <\/p>\n\n\n\n<p>\u2013 Shipping address <\/p>\n\n\n\n<p>- Email <\/p>\n\n\n\n<p>\u2013 Phone number <\/p>\n\n\n\n<p>\u2013 Payment information (processed securely by our payment gateway)<\/p>\n\n\n\n<pre class=\"wp-block-preformatted\">3. PURPOSE OF THE TREATMENT<\/pre>\n\n\n\n<p>Your data for: <\/p>\n\n\n\n<p>\u2013 Process and manage your order <\/p>\n\n\n\n<p>\u2013 Ship products <\/p>\n\n\n\n<p>\u2013 To send you confirmations and updates about your order <\/p>\n\n\n\n<p>\u2013 Improve our services <\/p>\n\n\n\n<p>\u2013 To answer your questions and requests<\/p>\n\n\n\n<pre class=\"wp-block-preformatted\">4. LEGAL BASIS<\/pre>\n\n\n\n<p>We process your data based on: <\/p>\n\n\n\n<p>\u2013 The execution of the purchase agreement <\/p>\n\n\n\n<p>\u2013 Your express consent <\/p>\n\n\n\n<p>\u2013 Legal obligations (invoicing, etc.)<\/p>\n\n\n\n<pre class=\"wp-block-preformatted\">5. DATA RETENTION<\/pre>\n\n\n\n<p>We keep your data for as long as necessary to: <\/p>\n\n\n\n<p>\u2013 Manage your order and comply with legal obligations (minimum 6 fiscal years) <\/p>\n\n\n\n<p>\u2013 To handle any potential complaints <\/p>\n\n\n\n<p>\u2013 To send you marketing communications (if you have given your consent)<\/p>\n\n\n\n<pre class=\"wp-block-preformatted\">6. RECIPIENTS OF YOUR DATA<\/pre>\n\n\n\n<p>We only share your data with: <\/p>\n\n\n\n<p>\u2013 Shipping service providers necessary for delivery <\/p>\n\n\n\n<p>\u2013 Payment gateways to process transactions <\/p>\n\n\n\n<p>\u2013 Hosting providers (Hostinger)<\/p>\n\n\n\n<p>We never sell or share your data with third parties for commercial purposes.<\/p>\n\n\n\n<pre class=\"wp-block-preformatted\">7. YOUR RIGHTS<\/pre>\n\n\n\n<p>You have the right to: <\/p>\n\n\n\n<p>\u2013 Access your personal data <\/p>\n\n\n\n<p>\u2013 Correct inaccurate data <\/p>\n\n\n\n<p>\u2013 Request the deletion of your data <\/p>\n\n\n\n<p>\u2013 To oppose the treatment <\/p>\n\n\n\n<p>\u2013 Request the limitation of treatment <\/p>\n\n\n\n<p>\u2013 Portability of your data <\/p>\n\n\n\n<p>\u2013 File a complaint with the Spanish Data Protection Agency (www.aepd.es) <\/p>\n\n\n\n<p>To exercise your rights, contact us at: globalsoccerkits.sup@gmail.com<\/p>\n\n\n\n<pre class=\"wp-block-preformatted\">8. SECURITY<\/pre>\n\n\n\n<p>We implement technical and organizational security measures to protect your data against unauthorized access, loss, or alteration.<\/p>\n\n\n\n<pre class=\"wp-block-preformatted\">9. COOKIES<\/pre>\n\n\n\n<p>We use technical cookies necessary for the operation of the store. You can find more information in our Cookie Policy.<\/p>\n\n\n\n<pre class=\"wp-block-preformatted\">10. MODIFICATIONS<\/pre>\n\n\n\n<p>We reserve the right to modify this privacy policy. Changes will be posted on this page.<\/p>\n\n\n\n<p>Last updated: 21\/03\/2026<\/p>\n\n\n\n<p><\/p>","protected":false},"excerpt":{"rendered":"<p>1. RESPONSABLE DEL TRATAMIENTO Denominaci\u00f3n: Global Soccer Kits Domicilio: Ciudad Real, Espa\u00f1a Correo electr\u00f3nico: globalsoccerkits.sup@gmail.com Sitio web: gsk-web.es 2. DATOS QUE RECOPILAMOS Recopilamos la siguiente informaci\u00f3n cuando realizas un pedido: &#8211; Nombre y apellidos &#8211; Direcci\u00f3n de env\u00edo &#8211; Correo electr\u00f3nico &#8211; N\u00famero de tel\u00e9fono &#8211; Informaci\u00f3n de pago (procesada de forma segura por nuestra [&hellip;]<\/p>\n","protected":false},"author":1,"featured_media":0,"parent":0,"menu_order":0,"comment_status":"closed","ping_status":"closed","template":"","meta":{"_uag_custom_page_level_css":"","footnotes":""},"class_list":["post-3","page","type-page","status-publish","hentry"],"blocksy_meta":[],"_hostinger_reach_plugin_has_subscription_block":false,"_hostinger_reach_plugin_is_elementor":false,"uagb_featured_image_src":{"full":false,"thumbnail":false,"medium":false,"medium_large":false,"large":false,"1536x1536":false,"2048x2048":false,"trp-custom-language-flag":false,"woocommerce_archive_thumbnail":false,"woocommerce_thumbnail":false,"woocommerce_single":false,"woocommerce_gallery_thumbnail":false},"uagb_author_info":{"display_name":"globalsoccerkits.sup@gmail.com","author_link":"https:\/\/gsk-web.es\/en\/author\/globalsoccerkits-supgmail-com\/"},"uagb_comment_info":0,"uagb_excerpt":"1. RESPONSABLE DEL TRATAMIENTO Denominaci\u00f3n: Global Soccer Kits Domicilio: Ciudad Real, Espa\u00f1a Correo electr\u00f3nico: globalsoccerkits.sup@gmail.com Sitio web: gsk-web.es 2. DATOS QUE RECOPILAMOS Recopilamos la siguiente informaci\u00f3n cuando realizas un pedido: &#8211; Nombre y apellidos &#8211; Direcci\u00f3n de env\u00edo &#8211; Correo electr\u00f3nico &#8211; N\u00famero de tel\u00e9fono &#8211; Informaci\u00f3n de pago (procesada de forma segura por nuestra&hellip;","_links":{"self":[{"href":"https:\/\/gsk-web.es\/en\/wp-json\/wp\/v2\/pages\/3","targetHints":{"allow":["GET"]}}],"collection":[{"href":"https:\/\/gsk-web.es\/en\/wp-json\/wp\/v2\/pages"}],"about":[{"href":"https:\/\/gsk-web.es\/en\/wp-json\/wp\/v2\/types\/page"}],"author":[{"embeddable":true,"href":"https:\/\/gsk-web.es\/en\/wp-json\/wp\/v2\/users\/1"}],"replies":[{"embeddable":true,"href":"https:\/\/gsk-web.es\/en\/wp-json\/wp\/v2\/comments?post=3"}],"version-history":[{"count":4,"href":"https:\/\/gsk-web.es\/en\/wp-json\/wp\/v2\/pages\/3\/revisions"}],"predecessor-version":[{"id":7710,"href":"https:\/\/gsk-web.es\/en\/wp-json\/wp\/v2\/pages\/3\/revisions\/7710"}],"wp:attachment":[{"href":"https:\/\/gsk-web.es\/en\/wp-json\/wp\/v2\/media?parent=3"}],"curies":[{"name":"wp","href":"https:\/\/api.w.org\/{rel}","templated":true}]}}