{"id":7036,"date":"2026-02-03T18:51:39","date_gmt":"2026-02-03T18:51:39","guid":{"rendered":"https:\/\/gsk-web.es\/?post_type=product&#038;p=7036"},"modified":"2026-03-24T21:13:10","modified_gmt":"2026-03-24T21:13:10","slug":"camiseta-retro-espana-2a-equipacion-2008","status":"publish","type":"product","link":"https:\/\/gsk-web.es\/en\/product\/camiseta-retro-espana-2a-equipacion-2008\/","title":{"rendered":"Spain Retro Home Shirt 2008"},"content":{"rendered":"<h3 class=\"text-text-100 mt-2 -mb-1 text-base font-bold\"><strong>LA HISTORIA DETR\u00c1S DE ESTA CAMISETA<\/strong><\/h3>\n<p class=\"font-claude-response-body break-words whitespace-normal leading-[1.7]\">Viena, 29 de junio de 2008. Fernando Torres define con frialdad ante Jens Lehmann y Espa\u00f1a rompe la maldici\u00f3n. Despu\u00e9s de 44 a\u00f1os de sequ\u00eda, La Roja vuelve a ser campeona de Europa. Xavi, Iniesta, Villa, Casillas. La generaci\u00f3n dorada acababa de nacer.<\/p>\n<p class=\"font-claude-response-body break-words whitespace-normal leading-[1.7]\">Esta camiseta roja con detalles dorados es la primera equipaci\u00f3n de ese torneo hist\u00f3rico. Es la que llev\u00f3 Espa\u00f1a en los partidos donde todo parec\u00eda perdido pero Xavi encontraba el pase perfecto, donde Villa aparec\u00eda en el momento exacto, donde Casillas se agigantaba bajo los tres palos.<\/p>\n<p class=\"font-claude-response-body break-words whitespace-normal leading-[1.7]\">Es el inicio de la mejor \u00e9poca del f\u00fatbol espa\u00f1ol. De lo que vendr\u00eda despu\u00e9s: Sud\u00e1frica 2010, Polonia-Ucrania 2012. Todo comenz\u00f3 en Austria con esta camiseta.<\/p>\n<p class=\"font-claude-response-body break-words whitespace-normal leading-[1.7]\"><strong>\u00bfRecuerdas el gol de Torres en la final?<\/strong><\/p>\n<p class=\"font-claude-response-body break-words whitespace-normal leading-[1.7]\">Si esa camiseta te devuelve a ese momento donde Espa\u00f1a volvi\u00f3 a ganar, es tuya. Ll\u00e9vala y revive la \u00e9poca dorada.<\/p>\n","protected":false},"excerpt":{"rendered":"<p>LA HISTORIA DETR\u00c1S DE ESTA CAMISETA Viena, 29 de junio de 2008. Fernando Torres define con frialdad ante Jens Lehmann y Espa\u00f1a rompe la maldici\u00f3n. Despu\u00e9s de 44 a\u00f1os de sequ\u00eda, La Roja vuelve a ser campeona de Europa. Xavi, Iniesta, Villa, Casillas. La generaci\u00f3n dorada acababa de nacer. Esta camiseta roja con detalles dorados [&hellip;]<\/p>\n","protected":false},"featured_media":7727,"template":"","meta":{"_uag_custom_page_level_css":""},"product_brand":[],"product_cat":[86,118],"product_tag":[],"class_list":{"0":"post-7036","1":"product","2":"type-product","3":"status-publish","4":"has-post-thumbnail","6":"product_cat-retro","7":"product_cat-selecciones-retro","9":"first","10":"instock","11":"sale","12":"shipping-taxable","13":"purchasable","14":"product-type-variable"},"uagb_featured_image_src":{"full":["https:\/\/gsk-web.es\/wp-content\/uploads\/2026\/02\/c86feaf9.jpg",1000,1000,false],"thumbnail":["https:\/\/gsk-web.es\/wp-content\/uploads\/2026\/02\/c86feaf9-150x150.jpg",150,150,true],"medium":["https:\/\/gsk-web.es\/wp-content\/uploads\/2026\/02\/c86feaf9-300x300.jpg",300,300,true],"medium_large":["https:\/\/gsk-web.es\/wp-content\/uploads\/2026\/02\/c86feaf9-768x768.jpg",768,768,true],"large":["https:\/\/gsk-web.es\/wp-content\/uploads\/2026\/02\/c86feaf9.jpg",1000,1000,false],"1536x1536":["https:\/\/gsk-web.es\/wp-content\/uploads\/2026\/02\/c86feaf9.jpg",1000,1000,false],"2048x2048":["https:\/\/gsk-web.es\/wp-content\/uploads\/2026\/02\/c86feaf9.jpg",1000,1000,false],"trp-custom-language-flag":["https:\/\/gsk-web.es\/wp-content\/uploads\/2026\/02\/c86feaf9-12x12.jpg",12,12,true],"woocommerce_archive_thumbnail":["https:\/\/gsk-web.es\/wp-content\/uploads\/2026\/02\/c86feaf9-300x300.jpg",300,300,true],"woocommerce_thumbnail":["https:\/\/gsk-web.es\/wp-content\/uploads\/2026\/02\/c86feaf9-300x300.jpg",300,300,true],"woocommerce_single":["https:\/\/gsk-web.es\/wp-content\/uploads\/2026\/02\/c86feaf9-600x600.jpg",600,600,true],"woocommerce_gallery_thumbnail":["https:\/\/gsk-web.es\/wp-content\/uploads\/2026\/02\/c86feaf9-100x100.jpg",100,100,true]},"uagb_author_info":{"display_name":"globalsoccerkits.sup@gmail.com","author_link":"https:\/\/gsk-web.es\/en\/author\/"},"uagb_comment_info":0,"uagb_excerpt":"LA HISTORIA DETR\u00c1S DE ESTA CAMISETA Viena, 29 de junio de 2008. Fernando Torres define con frialdad ante Jens Lehmann y Espa\u00f1a rompe la maldici\u00f3n. Despu\u00e9s de 44 a\u00f1os de sequ\u00eda, La Roja vuelve a ser campeona de Europa. Xavi, Iniesta, Villa, Casillas. La generaci\u00f3n dorada acababa de nacer. Esta camiseta roja con detalles dorados&hellip;","_links":{"self":[{"href":"https:\/\/gsk-web.es\/en\/wp-json\/wp\/v2\/product\/7036","targetHints":{"allow":["GET"]}}],"collection":[{"href":"https:\/\/gsk-web.es\/en\/wp-json\/wp\/v2\/product"}],"about":[{"href":"https:\/\/gsk-web.es\/en\/wp-json\/wp\/v2\/types\/product"}],"wp:featuredmedia":[{"embeddable":true,"href":"https:\/\/gsk-web.es\/en\/wp-json\/wp\/v2\/media\/7727"}],"wp:attachment":[{"href":"https:\/\/gsk-web.es\/en\/wp-json\/wp\/v2\/media?parent=7036"}],"wp:term":[{"taxonomy":"product_brand","embeddable":true,"href":"https:\/\/gsk-web.es\/en\/wp-json\/wp\/v2\/product_brand?post=7036"},{"taxonomy":"product_cat","embeddable":true,"href":"https:\/\/gsk-web.es\/en\/wp-json\/wp\/v2\/product_cat?post=7036"},{"taxonomy":"product_tag","embeddable":true,"href":"https:\/\/gsk-web.es\/en\/wp-json\/wp\/v2\/product_tag?post=7036"}],"curies":[{"name":"wp","href":"https:\/\/api.w.org\/{rel}","templated":true}]}}