{"id":7246,"date":"2026-02-05T16:48:48","date_gmt":"2026-02-05T16:48:48","guid":{"rendered":"https:\/\/gsk-web.es\/?post_type=product&#038;p=7246"},"modified":"2026-04-03T19:25:27","modified_gmt":"2026-04-03T19:25:27","slug":"camiseta-retro-barcelona-1a-equipacion-08-09","status":"publish","type":"product","link":"https:\/\/gsk-web.es\/en\/product\/camiseta-retro-barcelona-1a-equipacion-08-09\/","title":{"rendered":"Retro Barcelona Home Shirt 08\/09"},"content":{"rendered":"<h3 class=\"text-text-100 mt-2 -mb-1 text-base font-bold\"><strong>LA HISTORIA DETR\u00c1S DE ESTA CAMISETA<\/strong><\/h3>\n<p class=\"font-claude-response-body break-words whitespace-normal leading-[1.7]\">Roma, 27 de mayo de 2009. Lionel Messi salta m\u00e1s alto que los defensores del Manchester United y cabecea el segundo gol de la final de la Champions. El Barcelona acaba de ganar el triplete hist\u00f3rico: Liga, Copa del Rey y Champions en la misma temporada.<\/p>\n<p class=\"font-claude-response-body break-words whitespace-normal leading-[1.7]\">Esta camiseta azulgrana es la del mejor Bar\u00e7a de la historia. La de Guardiola revolucionando el f\u00fatbol, Messi siendo imparable, Xavi e Iniesta dirigiendo la orquesta, Eto&#8217;o siendo letal. Es la camiseta del tiki-taka perfecto, del equipo que hipnotizaba rivales con el bal\u00f3n.<\/p>\n<p class=\"font-claude-response-body break-words whitespace-normal leading-[1.7]\">Esta no es solo una camiseta de club. Es el uniforme del mejor equipo jam\u00e1s visto.<\/p>\n<p class=\"font-claude-response-body break-words whitespace-normal leading-[1.7]\"><strong>\u00bfRecuerdas ese cabezazo de Messi?<\/strong><\/p>\n<p class=\"font-claude-response-body break-words whitespace-normal leading-[1.7]\">Si esa camiseta te devuelve a ese triplete hist\u00f3rico, es tuya. Ll\u00e9vala y honra al mejor Bar\u00e7a de todos los tiempos.<\/p>\n","protected":false},"excerpt":{"rendered":"<p>LA HISTORIA DETR\u00c1S DE ESTA CAMISETA Roma, 27 de mayo de 2009. Lionel Messi salta m\u00e1s alto que los defensores del Manchester United y cabecea el segundo gol de la final de la Champions. El Barcelona acaba de ganar el triplete hist\u00f3rico: Liga, Copa del Rey y Champions en la misma temporada. Esta camiseta azulgrana [&hellip;]<\/p>\n","protected":false},"featured_media":7259,"template":"","meta":{"_uag_custom_page_level_css":""},"product_brand":[],"product_cat":[86,119],"product_tag":[],"class_list":{"0":"post-7246","1":"product","2":"type-product","3":"status-publish","4":"has-post-thumbnail","6":"product_cat-retro","7":"product_cat-retro-equipos","9":"first","10":"instock","11":"sale","12":"shipping-taxable","13":"purchasable","14":"product-type-variable"},"uagb_featured_image_src":{"full":["https:\/\/gsk-web.es\/wp-content\/uploads\/2026\/02\/62f1a2e3-scaled.jpg",2560,2560,false],"thumbnail":["https:\/\/gsk-web.es\/wp-content\/uploads\/2026\/02\/62f1a2e3-150x150.jpg",150,150,true],"medium":["https:\/\/gsk-web.es\/wp-content\/uploads\/2026\/02\/62f1a2e3-300x300.jpg",300,300,true],"medium_large":["https:\/\/gsk-web.es\/wp-content\/uploads\/2026\/02\/62f1a2e3-768x768.jpg",768,768,true],"large":["https:\/\/gsk-web.es\/wp-content\/uploads\/2026\/02\/62f1a2e3-1024x1024.jpg",1024,1024,true],"1536x1536":["https:\/\/gsk-web.es\/wp-content\/uploads\/2026\/02\/62f1a2e3-1536x1536.jpg",1536,1536,true],"2048x2048":["https:\/\/gsk-web.es\/wp-content\/uploads\/2026\/02\/62f1a2e3-2048x2048.jpg",2048,2048,true],"trp-custom-language-flag":["https:\/\/gsk-web.es\/wp-content\/uploads\/2026\/02\/62f1a2e3-scaled.jpg",12,12,false],"woocommerce_archive_thumbnail":["https:\/\/gsk-web.es\/wp-content\/uploads\/2026\/02\/62f1a2e3-300x300.jpg",300,300,true],"woocommerce_thumbnail":["https:\/\/gsk-web.es\/wp-content\/uploads\/2026\/02\/62f1a2e3-300x300.jpg",300,300,true],"woocommerce_single":["https:\/\/gsk-web.es\/wp-content\/uploads\/2026\/02\/62f1a2e3-600x600.jpg",600,600,true],"woocommerce_gallery_thumbnail":["https:\/\/gsk-web.es\/wp-content\/uploads\/2026\/02\/62f1a2e3-100x100.jpg",100,100,true]},"uagb_author_info":{"display_name":"globalsoccerkits.sup@gmail.com","author_link":"https:\/\/gsk-web.es\/en\/author\/"},"uagb_comment_info":0,"uagb_excerpt":"LA HISTORIA DETR\u00c1S DE ESTA CAMISETA Roma, 27 de mayo de 2009. Lionel Messi salta m\u00e1s alto que los defensores del Manchester United y cabecea el segundo gol de la final de la Champions. El Barcelona acaba de ganar el triplete hist\u00f3rico: Liga, Copa del Rey y Champions en la misma temporada. Esta camiseta azulgrana&hellip;","_links":{"self":[{"href":"https:\/\/gsk-web.es\/en\/wp-json\/wp\/v2\/product\/7246","targetHints":{"allow":["GET"]}}],"collection":[{"href":"https:\/\/gsk-web.es\/en\/wp-json\/wp\/v2\/product"}],"about":[{"href":"https:\/\/gsk-web.es\/en\/wp-json\/wp\/v2\/types\/product"}],"wp:featuredmedia":[{"embeddable":true,"href":"https:\/\/gsk-web.es\/en\/wp-json\/wp\/v2\/media\/7259"}],"wp:attachment":[{"href":"https:\/\/gsk-web.es\/en\/wp-json\/wp\/v2\/media?parent=7246"}],"wp:term":[{"taxonomy":"product_brand","embeddable":true,"href":"https:\/\/gsk-web.es\/en\/wp-json\/wp\/v2\/product_brand?post=7246"},{"taxonomy":"product_cat","embeddable":true,"href":"https:\/\/gsk-web.es\/en\/wp-json\/wp\/v2\/product_cat?post=7246"},{"taxonomy":"product_tag","embeddable":true,"href":"https:\/\/gsk-web.es\/en\/wp-json\/wp\/v2\/product_tag?post=7246"}],"curies":[{"name":"wp","href":"https:\/\/api.w.org\/{rel}","templated":true}]}}