{"id":7295,"date":"2026-02-07T13:38:51","date_gmt":"2026-02-07T13:38:51","guid":{"rendered":"https:\/\/gsk-web.es\/?post_type=product&#038;p=7295"},"modified":"2026-04-03T19:30:43","modified_gmt":"2026-04-03T19:30:43","slug":"camiseta-retro-atletico-de-madrid-1a-equipacion-95-96","status":"publish","type":"product","link":"https:\/\/gsk-web.es\/en\/product\/camiseta-retro-atletico-de-madrid-1a-equipacion-95-96\/","title":{"rendered":"Atl\u00e9tico de Madrid Retro Home Shirt 95\/96"},"content":{"rendered":"<h3 class=\"text-text-100 mt-2 -mb-1 text-base font-bold\"><strong>LA HISTORIA DETR\u00c1S DE ESTA CAMISETA<\/strong><\/h3>\n<p class=\"font-claude-response-body break-words whitespace-normal leading-[1.7]\">Madrid, temporada 1995\/96. El Atl\u00e9tico de Madrid conquistaba el doblete: Liga y Copa del Rey. Radomir Antic\u00a0dirig\u00eda, Kiko Narv\u00e1ez marcaba goles decisivos, Simeone era el coraz\u00f3n del equipo. Era el \u00faltimo gran t\u00edtulo del Atleti antes de que el club cayera en una d\u00e9cada oscura.<\/p>\n<p class=\"font-claude-response-body break-words whitespace-normal leading-[1.7]\">Esta camiseta es el s\u00edmbolo de la \u00faltima gran generaci\u00f3n colchonera antes de la llegada de Simeone como entrenador. Es el uniforme del equipo que le arrebat\u00f3 La Liga al Barcelona de Cruyff. Es la camiseta de la resistencia, de pelear hasta el final, de nunca rendirse.<\/p>\n<p class=\"font-claude-response-body break-words whitespace-normal leading-[1.7]\">Es el Atleti aut\u00e9ntico. El de los hinchas que sufren pero nunca abandonan.<\/p>\n<p class=\"font-claude-response-body break-words whitespace-normal leading-[1.7]\"><strong>\u00bfRecuerdas ese doblete hist\u00f3rico?<\/strong><\/p>\n<p class=\"font-claude-response-body break-words whitespace-normal leading-[1.7]\">Si esa camiseta te conecta con el orgullo colchonero, es tuya. Ll\u00e9vala y defiende los colores.<\/p>\n","protected":false},"excerpt":{"rendered":"<p>LA HISTORIA DETR\u00c1S DE ESTA CAMISETA Madrid, temporada 1995\/96. El Atl\u00e9tico de Madrid conquistaba el doblete: Liga y Copa del Rey. Radomir Antic\u00a0dirig\u00eda, Kiko Narv\u00e1ez marcaba goles decisivos, Simeone era el coraz\u00f3n del equipo. Era el \u00faltimo gran t\u00edtulo del Atleti antes de que el club cayera en una d\u00e9cada oscura. Esta camiseta es el [&hellip;]<\/p>\n","protected":false},"featured_media":7297,"template":"","meta":{"_uag_custom_page_level_css":""},"product_brand":[],"product_cat":[86,119],"product_tag":[],"class_list":{"0":"post-7295","1":"product","2":"type-product","3":"status-publish","4":"has-post-thumbnail","6":"product_cat-retro","7":"product_cat-retro-equipos","9":"first","10":"instock","11":"sale","12":"shipping-taxable","13":"purchasable","14":"product-type-variable"},"uagb_featured_image_src":{"full":["https:\/\/gsk-web.es\/wp-content\/uploads\/2026\/02\/679e801f.jpg",1000,1000,false],"thumbnail":["https:\/\/gsk-web.es\/wp-content\/uploads\/2026\/02\/679e801f-150x150.jpg",150,150,true],"medium":["https:\/\/gsk-web.es\/wp-content\/uploads\/2026\/02\/679e801f-300x300.jpg",300,300,true],"medium_large":["https:\/\/gsk-web.es\/wp-content\/uploads\/2026\/02\/679e801f-768x768.jpg",768,768,true],"large":["https:\/\/gsk-web.es\/wp-content\/uploads\/2026\/02\/679e801f.jpg",1000,1000,false],"1536x1536":["https:\/\/gsk-web.es\/wp-content\/uploads\/2026\/02\/679e801f.jpg",1000,1000,false],"2048x2048":["https:\/\/gsk-web.es\/wp-content\/uploads\/2026\/02\/679e801f.jpg",1000,1000,false],"trp-custom-language-flag":["https:\/\/gsk-web.es\/wp-content\/uploads\/2026\/02\/679e801f.jpg",12,12,false],"woocommerce_archive_thumbnail":["https:\/\/gsk-web.es\/wp-content\/uploads\/2026\/02\/679e801f-300x300.jpg",300,300,true],"woocommerce_thumbnail":["https:\/\/gsk-web.es\/wp-content\/uploads\/2026\/02\/679e801f-300x300.jpg",300,300,true],"woocommerce_single":["https:\/\/gsk-web.es\/wp-content\/uploads\/2026\/02\/679e801f-600x600.jpg",600,600,true],"woocommerce_gallery_thumbnail":["https:\/\/gsk-web.es\/wp-content\/uploads\/2026\/02\/679e801f-100x100.jpg",100,100,true]},"uagb_author_info":{"display_name":"globalsoccerkits.sup@gmail.com","author_link":"https:\/\/gsk-web.es\/en\/author\/"},"uagb_comment_info":0,"uagb_excerpt":"LA HISTORIA DETR\u00c1S DE ESTA CAMISETA Madrid, temporada 1995\/96. El Atl\u00e9tico de Madrid conquistaba el doblete: Liga y Copa del Rey. Radomir Antic\u00a0dirig\u00eda, Kiko Narv\u00e1ez marcaba goles decisivos, Simeone era el coraz\u00f3n del equipo. Era el \u00faltimo gran t\u00edtulo del Atleti antes de que el club cayera en una d\u00e9cada oscura. Esta camiseta es el&hellip;","_links":{"self":[{"href":"https:\/\/gsk-web.es\/en\/wp-json\/wp\/v2\/product\/7295","targetHints":{"allow":["GET"]}}],"collection":[{"href":"https:\/\/gsk-web.es\/en\/wp-json\/wp\/v2\/product"}],"about":[{"href":"https:\/\/gsk-web.es\/en\/wp-json\/wp\/v2\/types\/product"}],"wp:featuredmedia":[{"embeddable":true,"href":"https:\/\/gsk-web.es\/en\/wp-json\/wp\/v2\/media\/7297"}],"wp:attachment":[{"href":"https:\/\/gsk-web.es\/en\/wp-json\/wp\/v2\/media?parent=7295"}],"wp:term":[{"taxonomy":"product_brand","embeddable":true,"href":"https:\/\/gsk-web.es\/en\/wp-json\/wp\/v2\/product_brand?post=7295"},{"taxonomy":"product_cat","embeddable":true,"href":"https:\/\/gsk-web.es\/en\/wp-json\/wp\/v2\/product_cat?post=7295"},{"taxonomy":"product_tag","embeddable":true,"href":"https:\/\/gsk-web.es\/en\/wp-json\/wp\/v2\/product_tag?post=7295"}],"curies":[{"name":"wp","href":"https:\/\/api.w.org\/{rel}","templated":true}]}}