{"id":7734,"date":"2026-03-27T11:28:14","date_gmt":"2026-03-27T11:28:14","guid":{"rendered":"https:\/\/gsk-web.es\/?page_id=7734"},"modified":"2026-03-27T11:35:35","modified_gmt":"2026-03-27T11:35:35","slug":"contacto","status":"publish","type":"page","link":"https:\/\/gsk-web.es\/es_es\/contacto\/","title":{"rendered":"Contacto"},"content":{"rendered":"\n<div class=\"wp-block-uagb-container uag-blocks-common-selector uagb-block-zs1xd0gi alignfull uagb-is-root-container\"><div class=\"uagb-container-inner-blocks-wrap\">\n<div class=\"wp-block-uagb-container uagb-block-whlulrt6\">\n<div class=\"wp-block-uagb-info-box uagb-block-krzkfymv uagb-infobox__content-wrap  uagb-infobox-icon-above-title uagb-infobox-image-valign-top\"><div class=\"uagb-ifb-content\"><div class=\"uagb-ifb-title-wrap\"><h2 class=\"uagb-ifb-title\">Contacto<\/h2><\/div><p class=\"uagb-ifb-desc\">\u00bfTienes alguna pregunta sobre tu pedido, nuestras camisetas o quieres sugerirnos un producto? Estamos aqu\u00ed para ayudarte.<\/p><div class=\"uagb-ifb-separator\"><\/div><\/div><\/div>\n\n\n\n<div class=\"wp-block-uagb-info-box uagb-block-jdjsx0by uagb-infobox__content-wrap  uagb-infobox-icon-left-title uagb-infobox-left uagb-infobox-image-valign-top\"><div class=\"uagb-ifb-content\"><div class=\"uagb-ifb-left-title-image\"><div class=\"uagb-ifb-icon-wrap\"><svg xmlns=\"https:\/\/www.w3.org\/2000\/svg\" viewBox=\"0 0 512 512\"><path d=\"M464 64C490.5 64 512 85.49 512 112C512 127.1 504.9 141.3 492.8 150.4L275.2 313.6C263.8 322.1 248.2 322.1 236.8 313.6L19.2 150.4C7.113 141.3 0 127.1 0 112C0 85.49 21.49 64 48 64H464zM217.6 339.2C240.4 356.3 271.6 356.3 294.4 339.2L512 176V384C512 419.3 483.3 448 448 448H64C28.65 448 0 419.3 0 384V176L217.6 339.2z\"><\/path><\/svg><\/div><div class=\"uagb-ifb-title-wrap\"><p class=\"uagb-ifb-title\">Email<\/p><\/div><\/div><p class=\"uagb-ifb-desc\">globalsoccerkits.sup@globalsoccerkits-supgmail-com<\/p><\/div><\/div>\n\n\n\n<div class=\"wp-block-uagb-container uagb-block-mackp7oq\">\n<div class=\"wp-block-uagb-container uagb-block-3auhthu0\">\n<div class=\"wp-block-uagb-info-box uagb-block-ijbj8wbq uagb-infobox__content-wrap  uagb-infobox-icon-left-title uagb-infobox-left uagb-infobox-image-valign-top\"><div class=\"uagb-ifb-content\"><div class=\"uagb-ifb-left-title-image\"><div class=\"uagb-ifb-icon-wrap\"><svg xmlns=\"https:\/\/www.w3.org\/2000\/svg\" viewBox=\"0 0 512 512\"><path d=\"M511.2 387l-23.25 100.8c-3.266 14.25-15.79 24.22-30.46 24.22C205.2 512 0 306.8 0 54.5c0-14.66 9.969-27.2 24.22-30.45l100.8-23.25C139.7-2.602 154.7 5.018 160.8 18.92l46.52 108.5c5.438 12.78 1.77 27.67-8.98 36.45L144.5 207.1c33.98 69.22 90.26 125.5 159.5 159.5l44.08-53.8c8.688-10.78 23.69-14.51 36.47-8.975l108.5 46.51C506.1 357.2 514.6 372.4 511.2 387z\"><\/path><\/svg><\/div><div class=\"uagb-ifb-title-wrap\"><p class=\"uagb-ifb-title\">INSTAGRAM<\/p><\/div><\/div><p class=\"uagb-ifb-desc\">@global_soccer_kits<\/p><\/div><\/div>\n<\/div>\n\n\n\n<div class=\"wp-block-uagb-container uagb-block-ggdvpcaz\">\n<div class=\"wp-block-uagb-info-box uagb-block-dard4gtg uagb-infobox__content-wrap  uagb-infobox-icon-left-title uagb-infobox-left uagb-infobox-image-valign-top\"><div class=\"uagb-ifb-content\"><div class=\"uagb-ifb-left-title-image\"><div class=\"uagb-ifb-icon-wrap\"><svg xmlns=\"https:\/\/www.w3.org\/2000\/svg\" viewBox=\"0 0 384 512\"><path d=\"M168.3 499.2C116.1 435 0 279.4 0 192C0 85.96 85.96 0 192 0C298 0 384 85.96 384 192C384 279.4 267 435 215.7 499.2C203.4 514.5 180.6 514.5 168.3 499.2H168.3zM192 256C227.3 256 256 227.3 256 192C256 156.7 227.3 128 192 128C156.7 128 128 156.7 128 192C128 227.3 156.7 256 192 256z\"><\/path><\/svg><\/div><div class=\"uagb-ifb-title-wrap\"><p class=\"uagb-ifb-title\">UBIcaci\u00f3n<\/p><\/div><\/div><p class=\"uagb-ifb-desc\">Global Soccer Kits <br>Ciudad Real, Espa\u00f1a<\/p><\/div><\/div>\n<\/div>\n<\/div>\n<\/div>\n\n\n\n<div class=\"wp-block-uagb-forms uagb-forms__outer-wrap uagb-block-awedq71c uagb-forms__default-btn\"><form class=\"uagb-forms-main-form\" method=\"post\" autocomplete=\"on\" name=\"uagb-form-awedq71c\">\n<div class=\"wp-block-uagb-forms-name uagb-forms-name-wrap uagb-forms-field-set uagb-block-zv6lfi8h\"><div class=\"uagb-forms-name-label required uagb-forms-input-label\" id=\"zv6lfi8h\">Name<\/div><input type=\"text\" placeholder=\"\" required class=\"uagb-forms-name-input uagb-forms-input\" name=\"zv6lfi8h\" autocomplete=\"given-name\"\/><\/div>\n\n\n\n<div class=\"wp-block-uagb-forms-email uagb-forms-email-wrap uagb-forms-field-set uagb-block-yzymtjjo\"><div class=\"uagb-forms-email-label required uagb-forms-input-label\" id=\"yzymtjjo\">Email<\/div><input type=\"email\" class=\"uagb-forms-email-input uagb-forms-input\" placeholder=\"\" required name=\"yzymtjjo\" autocomplete=\"email\"\/><\/div>\n\n\n\n<div class=\"wp-block-uagb-forms-textarea uagb-forms-textarea-wrap uagb-forms-field-set uagb-block-oj3guajp\"><div class=\"uagb-forms-textarea-label required uagb-forms-input-label\" id=\"oj3guajp\">Message<\/div><textarea required class=\"uagb-forms-textarea-input uagb-forms-input\" rows=\"6\" placeholder=\"\" name=\"oj3guajp\" autocomplete=\"off\"><\/textarea><\/div>\n<div class=\"uagb-forms-form-hidden-data\"><input type=\"hidden\" class=\"uagb_forms_form_label\" value=\"Spectra Form\"\/><input type=\"hidden\" class=\"uagb_forms_form_id\" value=\"uagb-form-awedq71c\"\/><\/div><div class=\"uagb-form-reacaptcha-error-awedq71c\"><\/div><div class=\"uagb-forms-main-submit-button-wrap wp-block-button\"><button class=\"uagb-forms-main-submit-button wp-block-button__link\"><div class=\"uagb-forms-main-submit-button-text\">Enviar<\/div><\/button><\/div><\/form><div class=\"uagb-forms-success-message-awedq71c uagb-forms-submit-message-hide\"><span>The form has been submitted successfully!<\/span><\/div><div class=\"uagb-forms-failed-message-awedq71c uagb-forms-submit-message-hide\"><span>There has been some error while submitting the form. Please verify all form fields again.<\/span><\/div><\/div>\n<\/div><\/div>\n\n\n\n<div class=\"wp-block-uagb-container uagb-block-ub68txob alignfull uagb-is-root-container\"><div class=\"uagb-container-inner-blocks-wrap\">\n<div class=\"wp-block-uagb-advanced-heading uagb-block-67262aa2\"><h2 class=\"uagb-heading-text\">Preguntas Frecuentes:<\/h2><\/div>\n\n\n<div class=\"wp-block-uagb-faq uagb-faq__outer-wrap uagb-block-p9v52ljq uagb-faq-icon-row-reverse uagb-faq-layout-accordion uagb-faq-expand-first-true uagb-faq-inactive-other-false uagb-faq__wrap uagb-buttons-layout-wrap uagb-faq-equal-height     \" data-faqtoggle=\"true\" role=\"tablist\"><div class=\"wp-block-uagb-faq-child uagb-faq-child__outer-wrap uagb-faq-item uagb-block-1y0vlqk1 \" role=\"tab\" tabindex=\"0\"><div class=\"uagb-faq-questions-button uagb-faq-questions\">\t\t\t<span class=\"uagb-icon uagb-faq-icon-wrap\">\n\t\t\t\t\t\t\t<\/span>\n\t\t\t\t\t\t<span class=\"uagb-icon-active uagb-faq-icon-wrap\">\n\t\t\t\t\t\t\t<\/span>\n\t\t\t<p class=\"uagb-question\">\u00bfCu\u00e1nto tarda el env\u00edo?<\/p><\/div><div class=\"uagb-faq-content\"><p>Los env\u00edos internacionales certificados tardan entre 7-14 d\u00edas h\u00e1biles.<\/p><\/div><\/div><div class=\"wp-block-uagb-faq-child uagb-faq-child__outer-wrap uagb-faq-item uagb-block-5z1uipa9 \" role=\"tab\" tabindex=\"0\"><div class=\"uagb-faq-questions-button uagb-faq-questions\">\t\t\t<span class=\"uagb-icon uagb-faq-icon-wrap\">\n\t\t\t\t\t\t\t<\/span>\n\t\t\t\t\t\t<span class=\"uagb-icon-active uagb-faq-icon-wrap\">\n\t\t\t\t\t\t\t<\/span>\n\t\t\t<p class=\"uagb-question\">\u00bfPuedo devolver mi pedido?<\/p><\/div><div class=\"uagb-faq-content\"><p>Debido a la personalizaci\u00f3n (dorsal y nombre), no aceptamos devoluciones por cambio de opini\u00f3n. Consulta nuestra <a href=\"https:\/\/gsk-web.es\/es_es\/privacy-policy-2\/\">[Pol\u00edtica de Devoluciones]<\/a><\/p><\/div><\/div><div class=\"wp-block-uagb-faq-child uagb-faq-child__outer-wrap uagb-faq-item uagb-block-zwvfuvkk \" role=\"tab\" tabindex=\"0\"><div class=\"uagb-faq-questions-button uagb-faq-questions\">\t\t\t<span class=\"uagb-icon uagb-faq-icon-wrap\">\n\t\t\t\t\t\t\t<\/span>\n\t\t\t\t\t\t<span class=\"uagb-icon-active uagb-faq-icon-wrap\">\n\t\t\t\t\t\t\t<\/span>\n\t\t\t<p class=\"uagb-question\">\u00bfTen\u00e9is una camiseta espec\u00edfica que busco?<\/p><\/div><div class=\"uagb-faq-content\"><p>Escr\u00edbenos por email o Instagram y la a\u00f1adiremos a nuestro cat\u00e1logo si es posible.<\/p><\/div><\/div><div class=\"wp-block-uagb-faq-child uagb-faq-child__outer-wrap uagb-faq-item uagb-block-ou2iyop3 \" role=\"tab\" tabindex=\"0\"><div class=\"uagb-faq-questions-button uagb-faq-questions\">\t\t\t<span class=\"uagb-icon uagb-faq-icon-wrap\">\n\t\t\t\t\t\t\t<\/span>\n\t\t\t\t\t\t<span class=\"uagb-icon-active uagb-faq-icon-wrap\">\n\t\t\t\t\t\t\t<\/span>\n\t\t\t<p class=\"uagb-question\">\u00bfLos pagos son seguros?<\/p><\/div><div class=\"uagb-faq-content\"><p>S\u00ed, todos los pagos se procesan mediante pasarelas certificadas con encriptaci\u00f3n SSL.<\/p><\/div><\/div><\/div>\n\n\n<div class=\"wp-block-uagb-advanced-heading uagb-block-qmmqcqux\"><p class=\"uagb-heading-text\">Horario de atenci\u00f3n:<\/p><p class=\"uagb-desc-text\">Lunes a Viernes: 9:00 &#8211; 18:00 (CET) Respondemos consultas dentro de 24-48 horas.<\/p><\/div>\n\n\n\n<div class=\"wp-block-uagb-advanced-heading uagb-block-c9a56a1d\"><p class=\"uagb-heading-text\">Estamos aqu\u00ed para ayudarte a encontrar la camiseta perfecta que cuenta tu historia.<\/p><\/div>\n\n\n\n<div class=\"wp-block-uagb-advanced-heading uagb-block-faa7b392\"><h2 class=\"uagb-heading-text\">Global Soccer Kits &#8211; Donde el f\u00fatbol se viste de historia<\/h2><\/div>\n<\/div><\/div>\n\n\n\n<p><\/p>\n","protected":false},"excerpt":{"rendered":"<p>Preguntas Frecuentes: Horario de atenci\u00f3n: Lunes a Viernes: 9:00 &#8211; 18:00 (CET) Respondemos consultas dentro de 24-48 horas. Estamos aqu\u00ed para ayudarte a encontrar la camiseta perfecta que cuenta tu historia. Global Soccer Kits &#8211; Donde el f\u00fatbol se viste de historia<\/p>\n","protected":false},"author":1,"featured_media":0,"parent":0,"menu_order":0,"comment_status":"closed","ping_status":"closed","template":"","meta":{"_uag_custom_page_level_css":"","footnotes":""},"class_list":["post-7734","page","type-page","status-publish","hentry"],"blocksy_meta":[],"_hostinger_reach_plugin_has_subscription_block":false,"_hostinger_reach_plugin_is_elementor":false,"uagb_featured_image_src":{"full":false,"thumbnail":false,"medium":false,"medium_large":false,"large":false,"1536x1536":false,"2048x2048":false,"trp-custom-language-flag":false,"woocommerce_archive_thumbnail":false,"woocommerce_thumbnail":false,"woocommerce_single":false,"woocommerce_gallery_thumbnail":false},"uagb_author_info":{"display_name":"globalsoccerkits.sup@gmail.com","author_link":"https:\/\/gsk-web.es\/es_es\/author\/globalsoccerkits-supgmail-com\/"},"uagb_comment_info":0,"uagb_excerpt":"Preguntas Frecuentes: Horario de atenci\u00f3n: Lunes a Viernes: 9:00 &#8211; 18:00 (CET) Respondemos consultas dentro de 24-48 horas. Estamos aqu\u00ed para ayudarte a encontrar la camiseta perfecta que cuenta tu historia. Global Soccer Kits &#8211; Donde el f\u00fatbol se viste de historia","_links":{"self":[{"href":"https:\/\/gsk-web.es\/es_es\/wp-json\/wp\/v2\/pages\/7734","targetHints":{"allow":["GET"]}}],"collection":[{"href":"https:\/\/gsk-web.es\/es_es\/wp-json\/wp\/v2\/pages"}],"about":[{"href":"https:\/\/gsk-web.es\/es_es\/wp-json\/wp\/v2\/types\/page"}],"author":[{"embeddable":true,"href":"https:\/\/gsk-web.es\/es_es\/wp-json\/wp\/v2\/users\/1"}],"replies":[{"embeddable":true,"href":"https:\/\/gsk-web.es\/es_es\/wp-json\/wp\/v2\/comments?post=7734"}],"version-history":[{"count":5,"href":"https:\/\/gsk-web.es\/es_es\/wp-json\/wp\/v2\/pages\/7734\/revisions"}],"predecessor-version":[{"id":7743,"href":"https:\/\/gsk-web.es\/es_es\/wp-json\/wp\/v2\/pages\/7734\/revisions\/7743"}],"wp:attachment":[{"href":"https:\/\/gsk-web.es\/es_es\/wp-json\/wp\/v2\/media?parent=7734"}],"curies":[{"name":"wp","href":"https:\/\/api.w.org\/{rel}","templated":true}]}}