{"id":6845,"date":"2026-02-02T15:59:38","date_gmt":"2026-02-02T15:59:38","guid":{"rendered":"https:\/\/gsk-web.es\/?post_type=product&#038;p=6845"},"modified":"2026-04-03T20:03:09","modified_gmt":"2026-04-03T20:03:09","slug":"camiseta-retro-espana-2a-equipacion-2010","status":"publish","type":"product","link":"https:\/\/gsk-web.es\/es_es\/product\/camiseta-retro-espana-2a-equipacion-2010\/","title":{"rendered":"Camiseta Retro Espa\u00f1a 2\u00aa equipaci\u00f3n 2010"},"content":{"rendered":"<h3 class=\"text-text-100 mt-2 -mb-1 text-base font-bold\"><strong>LA HISTORIA DETR\u00c1S DE ESTA CAMISETA<\/strong><\/h3>\n<p class=\"font-claude-response-body break-words whitespace-normal leading-[1.7]\">Johannesburgo, 11 de julio de 2010. Minuto 116 de la final del Mundial. Andr\u00e9s Iniesta controla en el \u00e1rea, define con la derecha y Espa\u00f1a grita campe\u00f3n por primera vez en su historia. El gol que cambi\u00f3 el f\u00fatbol espa\u00f1ol para siempre.<\/p>\n<p class=\"font-claude-response-body break-words whitespace-normal leading-[1.7]\">Esta camiseta azul es la segunda equipaci\u00f3n de ese Mundial hist\u00f3rico. La que llev\u00f3 Espa\u00f1a mientras lo imposible se hac\u00eda realidad cuando Xavi encontraba el pase, Villa aparec\u00eda, Casillas se agigantaba, Puyol volaba en los corners y Ramos defend\u00eda con el alma.<\/p>\n<p class=\"font-claude-response-body break-words whitespace-normal leading-[1.7]\">Es la camiseta del Mundial de Sud\u00e1frica. De la Roja imparable. De la generaci\u00f3n que convirti\u00f3 Espa\u00f1a en potencia mundial.<\/p>\n<p class=\"font-claude-response-body break-words whitespace-normal leading-[1.7]\"><strong>\u00bfRecuerdas d\u00f3nde estabas cuando Iniesta marc\u00f3 ese gol?<\/strong><\/p>\n<p class=\"font-claude-response-body break-words whitespace-normal leading-[1.7]\">Si esa camiseta te devuelve a ese momento exacto, es tuya. Ll\u00e9vala y revive la noche que Espa\u00f1a toc\u00f3 el cielo.<\/p>\n","protected":false},"excerpt":{"rendered":"<p>LA HISTORIA DETR\u00c1S DE ESTA CAMISETA Johannesburgo, 11 de julio de 2010. Minuto 116 de la final del Mundial. Andr\u00e9s Iniesta controla en el \u00e1rea, define con la derecha y Espa\u00f1a grita campe\u00f3n por primera vez en su historia. El gol que cambi\u00f3 el f\u00fatbol espa\u00f1ol para siempre. Esta camiseta azul es la segunda equipaci\u00f3n [&hellip;]<\/p>\n","protected":false},"featured_media":6847,"template":"","meta":{"_uag_custom_page_level_css":""},"product_brand":[],"product_cat":[86,118],"product_tag":[],"class_list":{"0":"post-6845","1":"product","2":"type-product","3":"status-publish","4":"has-post-thumbnail","6":"product_cat-retro","7":"product_cat-selecciones-retro","9":"first","10":"instock","11":"sale","12":"shipping-taxable","13":"purchasable","14":"product-type-variable"},"uagb_featured_image_src":{"full":["https:\/\/gsk-web.es\/wp-content\/uploads\/2026\/02\/d0f1e9fb-1.jpg",1000,1000,false],"thumbnail":["https:\/\/gsk-web.es\/wp-content\/uploads\/2026\/02\/d0f1e9fb-1-150x150.jpg",150,150,true],"medium":["https:\/\/gsk-web.es\/wp-content\/uploads\/2026\/02\/d0f1e9fb-1-300x300.jpg",300,300,true],"medium_large":["https:\/\/gsk-web.es\/wp-content\/uploads\/2026\/02\/d0f1e9fb-1-768x768.jpg",768,768,true],"large":["https:\/\/gsk-web.es\/wp-content\/uploads\/2026\/02\/d0f1e9fb-1.jpg",1000,1000,false],"1536x1536":["https:\/\/gsk-web.es\/wp-content\/uploads\/2026\/02\/d0f1e9fb-1.jpg",1000,1000,false],"2048x2048":["https:\/\/gsk-web.es\/wp-content\/uploads\/2026\/02\/d0f1e9fb-1.jpg",1000,1000,false],"trp-custom-language-flag":["https:\/\/gsk-web.es\/wp-content\/uploads\/2026\/02\/d0f1e9fb-1.jpg",12,12,false],"woocommerce_archive_thumbnail":["https:\/\/gsk-web.es\/wp-content\/uploads\/2026\/02\/d0f1e9fb-1-300x300.jpg",300,300,true],"woocommerce_thumbnail":["https:\/\/gsk-web.es\/wp-content\/uploads\/2026\/02\/d0f1e9fb-1-300x300.jpg",300,300,true],"woocommerce_single":["https:\/\/gsk-web.es\/wp-content\/uploads\/2026\/02\/d0f1e9fb-1-600x600.jpg",600,600,true],"woocommerce_gallery_thumbnail":["https:\/\/gsk-web.es\/wp-content\/uploads\/2026\/02\/d0f1e9fb-1-100x100.jpg",100,100,true]},"uagb_author_info":{"display_name":"globalsoccerkits.sup@gmail.com","author_link":"https:\/\/gsk-web.es\/es_es\/author\/"},"uagb_comment_info":0,"uagb_excerpt":"LA HISTORIA DETR\u00c1S DE ESTA CAMISETA Johannesburgo, 11 de julio de 2010. Minuto 116 de la final del Mundial. Andr\u00e9s Iniesta controla en el \u00e1rea, define con la derecha y Espa\u00f1a grita campe\u00f3n por primera vez en su historia. El gol que cambi\u00f3 el f\u00fatbol espa\u00f1ol para siempre. Esta camiseta azul es la segunda equipaci\u00f3n&hellip;","_links":{"self":[{"href":"https:\/\/gsk-web.es\/es_es\/wp-json\/wp\/v2\/product\/6845","targetHints":{"allow":["GET"]}}],"collection":[{"href":"https:\/\/gsk-web.es\/es_es\/wp-json\/wp\/v2\/product"}],"about":[{"href":"https:\/\/gsk-web.es\/es_es\/wp-json\/wp\/v2\/types\/product"}],"wp:featuredmedia":[{"embeddable":true,"href":"https:\/\/gsk-web.es\/es_es\/wp-json\/wp\/v2\/media\/6847"}],"wp:attachment":[{"href":"https:\/\/gsk-web.es\/es_es\/wp-json\/wp\/v2\/media?parent=6845"}],"wp:term":[{"taxonomy":"product_brand","embeddable":true,"href":"https:\/\/gsk-web.es\/es_es\/wp-json\/wp\/v2\/product_brand?post=6845"},{"taxonomy":"product_cat","embeddable":true,"href":"https:\/\/gsk-web.es\/es_es\/wp-json\/wp\/v2\/product_cat?post=6845"},{"taxonomy":"product_tag","embeddable":true,"href":"https:\/\/gsk-web.es\/es_es\/wp-json\/wp\/v2\/product_tag?post=6845"}],"curies":[{"name":"wp","href":"https:\/\/api.w.org\/{rel}","templated":true}]}}