{"id":7526,"date":"2026-02-16T17:45:41","date_gmt":"2026-02-16T17:45:41","guid":{"rendered":"https:\/\/gsk-web.es\/?post_type=product&#038;p=7526"},"modified":"2026-03-24T20:53:57","modified_gmt":"2026-03-24T20:53:57","slug":"camiseta-retro-alemania-1a-equipacion-1990","status":"publish","type":"product","link":"https:\/\/gsk-web.es\/es_es\/product\/camiseta-retro-alemania-1a-equipacion-1990\/","title":{"rendered":"Camiseta Retro Alemania 1\u00aa equipaci\u00f3n 1990"},"content":{"rendered":"<p data-start=\"2611\" data-end=\"2830\">LA HISTORIA DETR\u00c1S DE ESTA CAMISETA<\/p>\n<p data-start=\"2611\" data-end=\"2830\">Roma, 8 de julio de 1990. Andreas Brehme ejecuta el penal que convierte a Alemania Occidental en tricampeona del mundo. Lothar Matth\u00e4us levanta el trofeo con la convicci\u00f3n de quien sabe que acaba de escribir historia.<\/p>\n<p data-start=\"2837\" data-end=\"3139\">Esta camiseta blanca, con el ic\u00f3nico dise\u00f1o en negro, rojo y amarillo sobre el pecho, es el uniforme del \u00faltimo t\u00edtulo de Alemania Occidental antes de la reunificaci\u00f3n. Es el cierre de una era. Es Matth\u00e4us dominando el centro del campo, Klinsmann definiendo con frialdad, V\u00f6ller peleando cada pelota.<\/p>\n<p data-start=\"3146\" data-end=\"3211\">Es la \u00faltima gran conquista antes de que Alemania se unificara.<\/p>\n<p data-start=\"3218\" data-end=\"3251\">\u00bfRecuerdas ese penal de Brehme?<\/p>\n<p data-start=\"3258\" data-end=\"3316\">Si esa camiseta te devuelve a ese momento exacto, es tuya.<\/p>\n","protected":false},"excerpt":{"rendered":"<p>LA HISTORIA DETR\u00c1S DE ESTA CAMISETA Roma, 8 de julio de 1990. Andreas Brehme ejecuta el penal que convierte a Alemania Occidental en tricampeona del mundo. Lothar Matth\u00e4us levanta el trofeo con la convicci\u00f3n de quien sabe que acaba de escribir historia. Esta camiseta blanca, con el ic\u00f3nico dise\u00f1o en negro, rojo y amarillo sobre [&hellip;]<\/p>\n","protected":false},"featured_media":7582,"template":"","meta":{"_uag_custom_page_level_css":""},"product_brand":[],"product_cat":[86,118],"product_tag":[],"class_list":{"0":"post-7526","1":"product","2":"type-product","3":"status-publish","4":"has-post-thumbnail","6":"product_cat-retro","7":"product_cat-selecciones-retro","9":"first","10":"instock","11":"sale","12":"shipping-taxable","13":"purchasable","14":"product-type-variable"},"uagb_featured_image_src":{"full":["https:\/\/gsk-web.es\/wp-content\/uploads\/2026\/02\/fbb150ce.jpg",1000,1000,false],"thumbnail":["https:\/\/gsk-web.es\/wp-content\/uploads\/2026\/02\/fbb150ce-150x150.jpg",150,150,true],"medium":["https:\/\/gsk-web.es\/wp-content\/uploads\/2026\/02\/fbb150ce-300x300.jpg",300,300,true],"medium_large":["https:\/\/gsk-web.es\/wp-content\/uploads\/2026\/02\/fbb150ce-768x768.jpg",768,768,true],"large":["https:\/\/gsk-web.es\/wp-content\/uploads\/2026\/02\/fbb150ce.jpg",1000,1000,false],"1536x1536":["https:\/\/gsk-web.es\/wp-content\/uploads\/2026\/02\/fbb150ce.jpg",1000,1000,false],"2048x2048":["https:\/\/gsk-web.es\/wp-content\/uploads\/2026\/02\/fbb150ce.jpg",1000,1000,false],"trp-custom-language-flag":["https:\/\/gsk-web.es\/wp-content\/uploads\/2026\/02\/fbb150ce.jpg",12,12,false],"woocommerce_archive_thumbnail":["https:\/\/gsk-web.es\/wp-content\/uploads\/2026\/02\/fbb150ce-300x300.jpg",300,300,true],"woocommerce_thumbnail":["https:\/\/gsk-web.es\/wp-content\/uploads\/2026\/02\/fbb150ce-300x300.jpg",300,300,true],"woocommerce_single":["https:\/\/gsk-web.es\/wp-content\/uploads\/2026\/02\/fbb150ce-600x600.jpg",600,600,true],"woocommerce_gallery_thumbnail":["https:\/\/gsk-web.es\/wp-content\/uploads\/2026\/02\/fbb150ce-100x100.jpg",100,100,true]},"uagb_author_info":{"display_name":"globalsoccerkits.sup@gmail.com","author_link":"https:\/\/gsk-web.es\/es_es\/author\/"},"uagb_comment_info":0,"uagb_excerpt":"LA HISTORIA DETR\u00c1S DE ESTA CAMISETA Roma, 8 de julio de 1990. Andreas Brehme ejecuta el penal que convierte a Alemania Occidental en tricampeona del mundo. Lothar Matth\u00e4us levanta el trofeo con la convicci\u00f3n de quien sabe que acaba de escribir historia. Esta camiseta blanca, con el ic\u00f3nico dise\u00f1o en negro, rojo y amarillo sobre&hellip;","_links":{"self":[{"href":"https:\/\/gsk-web.es\/es_es\/wp-json\/wp\/v2\/product\/7526","targetHints":{"allow":["GET"]}}],"collection":[{"href":"https:\/\/gsk-web.es\/es_es\/wp-json\/wp\/v2\/product"}],"about":[{"href":"https:\/\/gsk-web.es\/es_es\/wp-json\/wp\/v2\/types\/product"}],"wp:featuredmedia":[{"embeddable":true,"href":"https:\/\/gsk-web.es\/es_es\/wp-json\/wp\/v2\/media\/7582"}],"wp:attachment":[{"href":"https:\/\/gsk-web.es\/es_es\/wp-json\/wp\/v2\/media?parent=7526"}],"wp:term":[{"taxonomy":"product_brand","embeddable":true,"href":"https:\/\/gsk-web.es\/es_es\/wp-json\/wp\/v2\/product_brand?post=7526"},{"taxonomy":"product_cat","embeddable":true,"href":"https:\/\/gsk-web.es\/es_es\/wp-json\/wp\/v2\/product_cat?post=7526"},{"taxonomy":"product_tag","embeddable":true,"href":"https:\/\/gsk-web.es\/es_es\/wp-json\/wp\/v2\/product_tag?post=7526"}],"curies":[{"name":"wp","href":"https:\/\/api.w.org\/{rel}","templated":true}]}}