{"id":7592,"date":"2026-03-04T15:57:05","date_gmt":"2026-03-04T15:57:05","guid":{"rendered":"https:\/\/gsk-web.es\/?post_type=product&#038;p=7592"},"modified":"2026-04-03T22:22:19","modified_gmt":"2026-04-03T22:22:19","slug":"camiseta-retro-francia-1a-equipacion-1998","status":"publish","type":"product","link":"https:\/\/gsk-web.es\/es_es\/product\/camiseta-retro-francia-1a-equipacion-1998\/","title":{"rendered":"Camiseta Retro Francia 1\u00aa equipaci\u00f3n 1998"},"content":{"rendered":"<h3 class=\"text-text-100 mt-2 -mb-1 text-base font-bold\"><strong>LA HISTORIA DETR\u00c1S DE ESTA CAMISETA<\/strong><\/h3>\n<p class=\"font-claude-response-body break-words whitespace-normal leading-[1.7]\">Saint-Denis, 12 de julio de 1998. Zinedine Zidane eleva su cabeza dos veces y marca dos goles de cabeza en la final del Mundial. En el descuento Petit culmina el 3-0. Francia se corona campeona en casa y el Stade de France estalla. Es la primera estrella para Les Bleus.<\/p>\n<p class=\"font-claude-response-body break-words whitespace-normal leading-[1.7]\">Esta camiseta azul con detalles rojos y blancos es la del Mundial ganado en casa. La de Zidane siendo inmortal, Thuram marcando sus \u00fanicos dos goles con la selecci\u00f3n en semifinales, Deschamps levantando el trofeo como capit\u00e1n, Desailly siendo un muro infranqueable.<\/p>\n<p class=\"font-claude-response-body break-words whitespace-normal leading-[1.7]\">Es la camiseta de la Francia multicultural que conquist\u00f3 el mundo. De la generaci\u00f3n dorada. Del f\u00fatbol s\u00f3lido y efectivo.<\/p>\n<p class=\"font-claude-response-body break-words whitespace-normal leading-[1.7]\"><strong>\u00bfRecuerdas los dos cabezazos de Zidane?<\/strong><\/p>\n<p class=\"font-claude-response-body break-words whitespace-normal leading-[1.7]\">Si esa camiseta te conecta con ese momento, es tuya. Ll\u00e9vala y vive como campe\u00f3n del mundo.<\/p>\n","protected":false},"excerpt":{"rendered":"<p>LA HISTORIA DETR\u00c1S DE ESTA CAMISETA Saint-Denis, 12 de julio de 1998. Zinedine Zidane eleva su cabeza dos veces y marca dos goles de cabeza en la final del Mundial. En el descuento Petit culmina el 3-0. Francia se corona campeona en casa y el Stade de France estalla. Es la primera estrella para Les [&hellip;]<\/p>\n","protected":false},"featured_media":7594,"template":"","meta":{"_uag_custom_page_level_css":""},"product_brand":[],"product_cat":[86,118],"product_tag":[],"class_list":{"0":"post-7592","1":"product","2":"type-product","3":"status-publish","4":"has-post-thumbnail","6":"product_cat-retro","7":"product_cat-selecciones-retro","9":"first","10":"instock","11":"sale","12":"shipping-taxable","13":"purchasable","14":"product-type-variable"},"uagb_featured_image_src":{"full":["https:\/\/gsk-web.es\/wp-content\/uploads\/2026\/03\/acc1816a.jpg",1000,1000,false],"thumbnail":["https:\/\/gsk-web.es\/wp-content\/uploads\/2026\/03\/acc1816a-150x150.jpg",150,150,true],"medium":["https:\/\/gsk-web.es\/wp-content\/uploads\/2026\/03\/acc1816a-300x300.jpg",300,300,true],"medium_large":["https:\/\/gsk-web.es\/wp-content\/uploads\/2026\/03\/acc1816a-768x768.jpg",768,768,true],"large":["https:\/\/gsk-web.es\/wp-content\/uploads\/2026\/03\/acc1816a.jpg",1000,1000,false],"1536x1536":["https:\/\/gsk-web.es\/wp-content\/uploads\/2026\/03\/acc1816a.jpg",1000,1000,false],"2048x2048":["https:\/\/gsk-web.es\/wp-content\/uploads\/2026\/03\/acc1816a.jpg",1000,1000,false],"trp-custom-language-flag":["https:\/\/gsk-web.es\/wp-content\/uploads\/2026\/03\/acc1816a.jpg",12,12,false],"woocommerce_archive_thumbnail":["https:\/\/gsk-web.es\/wp-content\/uploads\/2026\/03\/acc1816a-300x300.jpg",300,300,true],"woocommerce_thumbnail":["https:\/\/gsk-web.es\/wp-content\/uploads\/2026\/03\/acc1816a-300x300.jpg",300,300,true],"woocommerce_single":["https:\/\/gsk-web.es\/wp-content\/uploads\/2026\/03\/acc1816a-600x600.jpg",600,600,true],"woocommerce_gallery_thumbnail":["https:\/\/gsk-web.es\/wp-content\/uploads\/2026\/03\/acc1816a-100x100.jpg",100,100,true]},"uagb_author_info":{"display_name":"globalsoccerkits.sup@gmail.com","author_link":"https:\/\/gsk-web.es\/es_es\/author\/"},"uagb_comment_info":0,"uagb_excerpt":"LA HISTORIA DETR\u00c1S DE ESTA CAMISETA Saint-Denis, 12 de julio de 1998. Zinedine Zidane eleva su cabeza dos veces y marca dos goles de cabeza en la final del Mundial. En el descuento Petit culmina el 3-0. Francia se corona campeona en casa y el Stade de France estalla. Es la primera estrella para Les&hellip;","_links":{"self":[{"href":"https:\/\/gsk-web.es\/es_es\/wp-json\/wp\/v2\/product\/7592","targetHints":{"allow":["GET"]}}],"collection":[{"href":"https:\/\/gsk-web.es\/es_es\/wp-json\/wp\/v2\/product"}],"about":[{"href":"https:\/\/gsk-web.es\/es_es\/wp-json\/wp\/v2\/types\/product"}],"wp:featuredmedia":[{"embeddable":true,"href":"https:\/\/gsk-web.es\/es_es\/wp-json\/wp\/v2\/media\/7594"}],"wp:attachment":[{"href":"https:\/\/gsk-web.es\/es_es\/wp-json\/wp\/v2\/media?parent=7592"}],"wp:term":[{"taxonomy":"product_brand","embeddable":true,"href":"https:\/\/gsk-web.es\/es_es\/wp-json\/wp\/v2\/product_brand?post=7592"},{"taxonomy":"product_cat","embeddable":true,"href":"https:\/\/gsk-web.es\/es_es\/wp-json\/wp\/v2\/product_cat?post=7592"},{"taxonomy":"product_tag","embeddable":true,"href":"https:\/\/gsk-web.es\/es_es\/wp-json\/wp\/v2\/product_tag?post=7592"}],"curies":[{"name":"wp","href":"https:\/\/api.w.org\/{rel}","templated":true}]}}