{"id":7600,"date":"2026-03-04T16:20:04","date_gmt":"2026-03-04T16:20:04","guid":{"rendered":"https:\/\/gsk-web.es\/?post_type=product&#038;p=7600"},"modified":"2026-03-24T21:02:00","modified_gmt":"2026-03-24T21:02:00","slug":"camiseta-retro-argentina-2a-equipacion-1986","status":"publish","type":"product","link":"https:\/\/gsk-web.es\/es_es\/product\/camiseta-retro-argentina-2a-equipacion-1986\/","title":{"rendered":"Camiseta Retro Argentina 2\u00aa equipaci\u00f3n 1986"},"content":{"rendered":"<h3 class=\"text-text-100 mt-2 -mb-1 text-base font-bold\"><strong>LA HISTORIA DETR\u00c1S DE ESTA CAMISETA<\/strong><\/h3>\n<p class=\"font-claude-response-body break-words whitespace-normal leading-[1.7]\">Ciudad de M\u00e9xico, 22 de junio de 1986. Diego Armando Maradona eleva su pu\u00f1o al cielo tras marcar el gol m\u00e1s pol\u00e9mico de la historia. Cuatro minutos despu\u00e9s, dibuja la obra maestra definitiva: el gol del siglo.<\/p>\n<p class=\"font-claude-response-body break-words whitespace-normal leading-[1.7]\">Esta camiseta es la que llevaba Maradona cuando le dio el segundo Mundial a Argentina. Es el uniforme con el que Valdano, Burruchaga y compa\u00f1\u00eda siguieron al Diez hasta la gloria. Es la camiseta que viste el mejor jugador de f\u00fatbol de todos los tiempos en su mejor versi\u00f3n.<\/p>\n<p class=\"font-claude-response-body break-words whitespace-normal leading-[1.7]\">Esta no es solo una camiseta. Es el s\u00edmbolo del genio, de la rebeld\u00eda, de la mano de Dios y del pie del Diez.<\/p>\n<p class=\"font-claude-response-body break-words whitespace-normal leading-[1.7]\"><strong>\u00bfRecuerdas d\u00f3nde estabas cuando Maradona dej\u00f3 a medio equipo ingl\u00e9s atr\u00e1s?<\/strong><\/p>\n<p class=\"font-claude-response-body break-words whitespace-normal leading-[1.7]\">Si esa camiseta te conecta con ese momento irrepetible, es tuya. Ll\u00e9vala y honra al m\u00e1s grande.<\/p>\n","protected":false},"excerpt":{"rendered":"<p>LA HISTORIA DETR\u00c1S DE ESTA CAMISETA Ciudad de M\u00e9xico, 22 de junio de 1986. Diego Armando Maradona eleva su pu\u00f1o al cielo tras marcar el gol m\u00e1s pol\u00e9mico de la historia. Cuatro minutos despu\u00e9s, dibuja la obra maestra definitiva: el gol del siglo. Esta camiseta es la que llevaba Maradona cuando le dio el segundo [&hellip;]<\/p>\n","protected":false},"featured_media":7602,"template":"","meta":{"_uag_custom_page_level_css":""},"product_brand":[],"product_cat":[86,118],"product_tag":[],"class_list":{"0":"post-7600","1":"product","2":"type-product","3":"status-publish","4":"has-post-thumbnail","6":"product_cat-retro","7":"product_cat-selecciones-retro","9":"first","10":"instock","11":"sale","12":"shipping-taxable","13":"purchasable","14":"product-type-variable"},"uagb_featured_image_src":{"full":["https:\/\/gsk-web.es\/wp-content\/uploads\/2026\/03\/91b649c2.jpg",1000,1000,false],"thumbnail":["https:\/\/gsk-web.es\/wp-content\/uploads\/2026\/03\/91b649c2-150x150.jpg",150,150,true],"medium":["https:\/\/gsk-web.es\/wp-content\/uploads\/2026\/03\/91b649c2-300x300.jpg",300,300,true],"medium_large":["https:\/\/gsk-web.es\/wp-content\/uploads\/2026\/03\/91b649c2-768x768.jpg",768,768,true],"large":["https:\/\/gsk-web.es\/wp-content\/uploads\/2026\/03\/91b649c2.jpg",1000,1000,false],"1536x1536":["https:\/\/gsk-web.es\/wp-content\/uploads\/2026\/03\/91b649c2.jpg",1000,1000,false],"2048x2048":["https:\/\/gsk-web.es\/wp-content\/uploads\/2026\/03\/91b649c2.jpg",1000,1000,false],"trp-custom-language-flag":["https:\/\/gsk-web.es\/wp-content\/uploads\/2026\/03\/91b649c2.jpg",12,12,false],"woocommerce_archive_thumbnail":["https:\/\/gsk-web.es\/wp-content\/uploads\/2026\/03\/91b649c2-300x300.jpg",300,300,true],"woocommerce_thumbnail":["https:\/\/gsk-web.es\/wp-content\/uploads\/2026\/03\/91b649c2-300x300.jpg",300,300,true],"woocommerce_single":["https:\/\/gsk-web.es\/wp-content\/uploads\/2026\/03\/91b649c2-600x600.jpg",600,600,true],"woocommerce_gallery_thumbnail":["https:\/\/gsk-web.es\/wp-content\/uploads\/2026\/03\/91b649c2-100x100.jpg",100,100,true]},"uagb_author_info":{"display_name":"globalsoccerkits.sup@gmail.com","author_link":"https:\/\/gsk-web.es\/es_es\/author\/"},"uagb_comment_info":0,"uagb_excerpt":"LA HISTORIA DETR\u00c1S DE ESTA CAMISETA Ciudad de M\u00e9xico, 22 de junio de 1986. Diego Armando Maradona eleva su pu\u00f1o al cielo tras marcar el gol m\u00e1s pol\u00e9mico de la historia. Cuatro minutos despu\u00e9s, dibuja la obra maestra definitiva: el gol del siglo. Esta camiseta es la que llevaba Maradona cuando le dio el segundo&hellip;","_links":{"self":[{"href":"https:\/\/gsk-web.es\/es_es\/wp-json\/wp\/v2\/product\/7600","targetHints":{"allow":["GET"]}}],"collection":[{"href":"https:\/\/gsk-web.es\/es_es\/wp-json\/wp\/v2\/product"}],"about":[{"href":"https:\/\/gsk-web.es\/es_es\/wp-json\/wp\/v2\/types\/product"}],"wp:featuredmedia":[{"embeddable":true,"href":"https:\/\/gsk-web.es\/es_es\/wp-json\/wp\/v2\/media\/7602"}],"wp:attachment":[{"href":"https:\/\/gsk-web.es\/es_es\/wp-json\/wp\/v2\/media?parent=7600"}],"wp:term":[{"taxonomy":"product_brand","embeddable":true,"href":"https:\/\/gsk-web.es\/es_es\/wp-json\/wp\/v2\/product_brand?post=7600"},{"taxonomy":"product_cat","embeddable":true,"href":"https:\/\/gsk-web.es\/es_es\/wp-json\/wp\/v2\/product_cat?post=7600"},{"taxonomy":"product_tag","embeddable":true,"href":"https:\/\/gsk-web.es\/es_es\/wp-json\/wp\/v2\/product_tag?post=7600"}],"curies":[{"name":"wp","href":"https:\/\/api.w.org\/{rel}","templated":true}]}}