{"id":7674,"date":"2026-03-10T17:11:43","date_gmt":"2026-03-10T17:11:43","guid":{"rendered":"https:\/\/gsk-web.es\/?post_type=product&#038;p=7674"},"modified":"2026-04-03T22:25:48","modified_gmt":"2026-04-03T22:25:48","slug":"camiseta-retro-francia-2a-equipacion-2006","status":"publish","type":"product","link":"https:\/\/gsk-web.es\/es_es\/product\/camiseta-retro-francia-2a-equipacion-2006\/","title":{"rendered":"Camiseta Retro Francia 2\u00aa equipaci\u00f3n 2006"},"content":{"rendered":"<h3 class=\"text-text-100 mt-2 -mb-1 text-base font-bold\"><strong>LA HISTORIA DETR\u00c1S DE ESTA CAMISETA<\/strong><\/h3>\n<p class=\"font-claude-response-body break-words whitespace-normal leading-[1.7]\">Berl\u00edn, 9 de julio de 2006. Zinedine Zidane ejecuta un Panenka perfecto en la final del Mundial y despu\u00e9s&#8230; el cabezazo a Materazzi. Roja directa. El \u00faltimo partido de Zidane termina en leyenda y tragedia al mismo tiempo. Italia gana en penales.<\/p>\n<p class=\"font-claude-response-body break-words whitespace-normal leading-[1.7]\">Esta camiseta blanca es la segunda equipaci\u00f3n de Francia en ese Mundial. La que llev\u00f3 Zidane en su despedida del f\u00fatbol, <span class=\"hover:entity-accent entity-underline inline cursor-pointer align-baseline\"><span class=\"whitespace-normal\">Henry<\/span><\/span> acompa\u00f1ando en ataque,<span class=\"hover:entity-accent entity-underline inline cursor-pointer align-baseline\"><span class=\"whitespace-normal\">\u00a0Vieira<\/span><\/span> imponiendo en el medio, <span class=\"hover:entity-accent entity-underline inline cursor-pointer align-baseline\"><span class=\"whitespace-normal\">Thuram<\/span><\/span> defendiendo con clase. Francia lleg\u00f3 a la final pero no pudo con Italia.<\/p>\n<p class=\"font-claude-response-body break-words whitespace-normal leading-[1.7]\">Es la camiseta del adi\u00f3s de Zidane. Del genio que se fue dejando todo en el campo. De la \u00faltima gran actuaci\u00f3n del mejor mediocampista franc\u00e9s de todos los tiempos.<\/p>\n<p class=\"font-claude-response-body break-words whitespace-normal leading-[1.7]\"><strong>\u00bfRecuerdas el cabezazo de Zidane?<\/strong><\/p>\n<p class=\"font-claude-response-body break-words whitespace-normal leading-[1.7]\">Si esa camiseta te devuelve a ese momento, es tuya. Ll\u00e9vala y honra la despedida de un genio.<\/p>\n","protected":false},"excerpt":{"rendered":"<p>LA HISTORIA DETR\u00c1S DE ESTA CAMISETA Berl\u00edn, 9 de julio de 2006. Zinedine Zidane ejecuta un Panenka perfecto en la final del Mundial y despu\u00e9s&#8230; el cabezazo a Materazzi. Roja directa. El \u00faltimo partido de Zidane termina en leyenda y tragedia al mismo tiempo. Italia gana en penales. Esta camiseta blanca es la segunda equipaci\u00f3n [&hellip;]<\/p>\n","protected":false},"featured_media":7688,"template":"","meta":{"_uag_custom_page_level_css":""},"product_brand":[],"product_cat":[86,118],"product_tag":[],"class_list":{"0":"post-7674","1":"product","2":"type-product","3":"status-publish","4":"has-post-thumbnail","6":"product_cat-retro","7":"product_cat-selecciones-retro","9":"first","10":"instock","11":"sale","12":"shipping-taxable","13":"purchasable","14":"product-type-variable"},"uagb_featured_image_src":{"full":["https:\/\/gsk-web.es\/wp-content\/uploads\/2026\/03\/9019ca2c.jpg",1000,1000,false],"thumbnail":["https:\/\/gsk-web.es\/wp-content\/uploads\/2026\/03\/9019ca2c-150x150.jpg",150,150,true],"medium":["https:\/\/gsk-web.es\/wp-content\/uploads\/2026\/03\/9019ca2c-300x300.jpg",300,300,true],"medium_large":["https:\/\/gsk-web.es\/wp-content\/uploads\/2026\/03\/9019ca2c-768x768.jpg",768,768,true],"large":["https:\/\/gsk-web.es\/wp-content\/uploads\/2026\/03\/9019ca2c.jpg",1000,1000,false],"1536x1536":["https:\/\/gsk-web.es\/wp-content\/uploads\/2026\/03\/9019ca2c.jpg",1000,1000,false],"2048x2048":["https:\/\/gsk-web.es\/wp-content\/uploads\/2026\/03\/9019ca2c.jpg",1000,1000,false],"trp-custom-language-flag":["https:\/\/gsk-web.es\/wp-content\/uploads\/2026\/03\/9019ca2c-12x12.jpg",12,12,true],"woocommerce_archive_thumbnail":["https:\/\/gsk-web.es\/wp-content\/uploads\/2026\/03\/9019ca2c-300x300.jpg",300,300,true],"woocommerce_thumbnail":["https:\/\/gsk-web.es\/wp-content\/uploads\/2026\/03\/9019ca2c-300x300.jpg",300,300,true],"woocommerce_single":["https:\/\/gsk-web.es\/wp-content\/uploads\/2026\/03\/9019ca2c-600x600.jpg",600,600,true],"woocommerce_gallery_thumbnail":["https:\/\/gsk-web.es\/wp-content\/uploads\/2026\/03\/9019ca2c-100x100.jpg",100,100,true]},"uagb_author_info":{"display_name":"globalsoccerkits.sup@gmail.com","author_link":"https:\/\/gsk-web.es\/es_es\/author\/"},"uagb_comment_info":0,"uagb_excerpt":"LA HISTORIA DETR\u00c1S DE ESTA CAMISETA Berl\u00edn, 9 de julio de 2006. Zinedine Zidane ejecuta un Panenka perfecto en la final del Mundial y despu\u00e9s&#8230; el cabezazo a Materazzi. Roja directa. El \u00faltimo partido de Zidane termina en leyenda y tragedia al mismo tiempo. Italia gana en penales. Esta camiseta blanca es la segunda equipaci\u00f3n&hellip;","_links":{"self":[{"href":"https:\/\/gsk-web.es\/es_es\/wp-json\/wp\/v2\/product\/7674","targetHints":{"allow":["GET"]}}],"collection":[{"href":"https:\/\/gsk-web.es\/es_es\/wp-json\/wp\/v2\/product"}],"about":[{"href":"https:\/\/gsk-web.es\/es_es\/wp-json\/wp\/v2\/types\/product"}],"wp:featuredmedia":[{"embeddable":true,"href":"https:\/\/gsk-web.es\/es_es\/wp-json\/wp\/v2\/media\/7688"}],"wp:attachment":[{"href":"https:\/\/gsk-web.es\/es_es\/wp-json\/wp\/v2\/media?parent=7674"}],"wp:term":[{"taxonomy":"product_brand","embeddable":true,"href":"https:\/\/gsk-web.es\/es_es\/wp-json\/wp\/v2\/product_brand?post=7674"},{"taxonomy":"product_cat","embeddable":true,"href":"https:\/\/gsk-web.es\/es_es\/wp-json\/wp\/v2\/product_cat?post=7674"},{"taxonomy":"product_tag","embeddable":true,"href":"https:\/\/gsk-web.es\/es_es\/wp-json\/wp\/v2\/product_tag?post=7674"}],"curies":[{"name":"wp","href":"https:\/\/api.w.org\/{rel}","templated":true}]}}